{"id":3093,"date":"2022-10-07T11:25:51","date_gmt":"2022-10-07T14:25:51","guid":{"rendered":"https:\/\/novo.hsconsorcios.com.br\/?page_id=3093"},"modified":"2024-08-21T16:21:48","modified_gmt":"2024-08-21T19:21:48","slug":"cliente","status":"publish","type":"page","link":"https:\/\/demo.happ.com.br\/hsconsorcios\/cliente\/","title":{"rendered":"Cliente"},"content":{"rendered":"\t\t<div data-elementor-type=\"wp-page\" data-elementor-id=\"3093\" class=\"elementor elementor-3093\" data-elementor-post-type=\"page\">\n\t\t\t\t\t\t<section class=\"has_eae_slider elementor-section elementor-top-section elementor-element elementor-element-4bba54d elementor-section-boxed elementor-section-height-default elementor-section-height-default\" data-id=\"4bba54d\" data-element_type=\"section\">\n\t\t\t\t\t\t<div class=\"elementor-container elementor-column-gap-default\">\n\t\t\t\t\t<div class=\"has_eae_slider elementor-column elementor-col-100 elementor-top-column elementor-element elementor-element-ddba51c\" data-id=\"ddba51c\" data-element_type=\"column\">\n\t\t\t<div class=\"elementor-widget-wrap elementor-element-populated\">\n\t\t\t\t\t\t<div class=\"elementor-element elementor-element-4ee9708 elementor-widget elementor-widget-heading\" data-id=\"4ee9708\" data-element_type=\"widget\" data-widget_type=\"heading.default\">\n\t\t\t\t<div class=\"elementor-widget-container\">\n\t\t\t<h1 class=\"elementor-heading-title elementor-size-default\">Clientes - \u00c1rea Restrita<\/h1>\t\t<\/div>\n\t\t\t\t<\/div>\n\t\t\t\t\t<\/div>\n\t\t<\/div>\n\t\t\t\t\t<\/div>\n\t\t<\/section>\n\t\t\t\t<section class=\"has_eae_slider elementor-section elementor-top-section elementor-element elementor-element-bfeb570 elementor-section-boxed elementor-section-height-default elementor-section-height-default elementor-invisible\" data-id=\"bfeb570\" data-element_type=\"section\" data-settings=\"{&quot;animation&quot;:&quot;slideInUp&quot;}\">\n\t\t\t\t\t\t<div class=\"elementor-container elementor-column-gap-default\">\n\t\t\t\t\t<div class=\"has_eae_slider elementor-column elementor-col-100 elementor-top-column elementor-element elementor-element-1ff7e20\" data-id=\"1ff7e20\" data-element_type=\"column\" data-settings=\"{&quot;background_background&quot;:&quot;classic&quot;}\">\n\t\t\t<div class=\"elementor-widget-wrap elementor-element-populated\">\n\t\t\t\t\t\t<section class=\"has_eae_slider elementor-section elementor-inner-section elementor-element elementor-element-aa03f9b elementor-section-boxed elementor-section-height-default elementor-section-height-default\" data-id=\"aa03f9b\" data-element_type=\"section\">\n\t\t\t\t\t\t<div class=\"elementor-container elementor-column-gap-default\">\n\t\t\t\t\t<div class=\"has_eae_slider elementor-column elementor-col-50 elementor-inner-column elementor-element elementor-element-aa12c94 elementor-hidden-mobile\" data-id=\"aa12c94\" data-element_type=\"column\" data-settings=\"{&quot;background_background&quot;:&quot;classic&quot;}\">\n\t\t\t<div class=\"elementor-widget-wrap elementor-element-populated\">\n\t\t\t\t\t\t<div class=\"elementor-element elementor-element-82f06b2 elementor-view-default elementor-widget elementor-widget-icon\" data-id=\"82f06b2\" data-element_type=\"widget\" data-widget_type=\"icon.default\">\n\t\t\t\t<div class=\"elementor-widget-container\">\n\t\t\t\t\t<div class=\"elementor-icon-wrapper\">\n\t\t\t<div class=\"elementor-icon\">\n\t\t\t<i aria-hidden=\"true\" class=\"fas fa-wallet\"><\/i>\t\t\t<\/div>\n\t\t<\/div>\n\t\t\t\t<\/div>\n\t\t\t\t<\/div>\n\t\t\t\t\t<\/div>\n\t\t<\/div>\n\t\t\t\t<div class=\"has_eae_slider elementor-column elementor-col-50 elementor-inner-column elementor-element elementor-element-601fe9d\" data-id=\"601fe9d\" data-element_type=\"column\" data-settings=\"{&quot;background_background&quot;:&quot;classic&quot;}\">\n\t\t\t<div class=\"elementor-widget-wrap elementor-element-populated\">\n\t\t\t\t\t\t<div class=\"elementor-element elementor-element-ddff4dd elementor-widget elementor-widget-heading\" data-id=\"ddff4dd\" data-element_type=\"widget\" data-widget_type=\"heading.default\">\n\t\t\t\t<div class=\"elementor-widget-container\">\n\t\t\t<h2 class=\"elementor-heading-title elementor-size-default\">Cotas Ativas<\/h2>\t\t<\/div>\n\t\t\t\t<\/div>\n\t\t\t\t<div class=\"elementor-element elementor-element-0634bd7 elementor-widget elementor-widget-text-editor\" data-id=\"0634bd7\" data-element_type=\"widget\" data-widget_type=\"text-editor.default\">\n\t\t\t\t<div class=\"elementor-widget-container\">\n\t\t\t\t\t\t\t<p>Acesse a \u00e1rea restrita do seu cons\u00f3rcio ativo<\/p>\t\t\t\t\t\t<\/div>\n\t\t\t\t<\/div>\n\t\t\t\t\t<\/div>\n\t\t<\/div>\n\t\t\t\t\t<\/div>\n\t\t<\/section>\n\t\t\t\t<div class=\"elementor-element elementor-element-dc41133 elementor-widget elementor-widget-html\" data-id=\"dc41133\" data-element_type=\"widget\" data-widget_type=\"html.default\">\n\t\t\t\t<div class=\"elementor-widget-container\">\n\t\t\t<script src=\"https:\/\/www.google.com\/recaptcha\/api.js\" async defer><\/script>>\n\t\t\t\t<form action=\"https:\/\/consweb.hsconsorcios.com.br\/conweb\/identifica.asp\" method=\"post\" class=\"has-validation-callback\">\n\t\t\t\t  <div class=\"col-md-12 center gray-hs-low login-box\">\n\t\t\t\t  \t  <br>\n\t\t\t\t\t  <div class=\"col-md-6 padding5 left\">\n\t\t\t\t\t\t<label>GRUPO: <span class=\"required\">*<\/span><\/label>\n\t\t\t\t\t\t<input name=\"bbwGrupo\" class=\"form-control no-padding\" data-validation=\"required\" type=\"number\" required=\"\">\n\t\t\t\t\t  <\/div>\n\t\t\t\t\t  \n\t\t\t\t\t  <div class=\"col-md-6  padding5 left\">\n\t\t\t\t\t\t<label>COTA: <span class=\"required\">*<\/span><\/label>\n\t\t\t\t\t\t<input name=\"bbwCota\" class=\"form-control no-padding\" data-validation=\"required\" type=\"number\" required=\"\">\n\t\t\t\t\t  <\/div>\n\t\t\t\t\t  \n\t\t\t\t\t  <div class=\"col-md-12 left padding5\">\n\t\t\t\t\t\t<label>SENHA: <span class=\"required\">*<\/span><\/label>\n\t\t\t\t\t\t<input name=\"bbwSenha\" class=\"form-control no-padding\" data-validation=\"required\" type=\"password\" required=\"\">\n\t\t\t\t\t  <\/div>\n\t\t\t\t\t  \n\t\t\t\t\t  <div class=\"buttons-box clearfix padding5\">\n\t\t\t\t\t  \t<input type=\"hidden\" name=\"bbwVersao\" value=\"0\">\n\t\t\t\t\t  \t<div class=\"g-recaptcha\" data-sitekey=\"6Lf875MoAAAAAFjI5XmnlHCF8EmrgO4jOxCGR-Sz\"><\/div>\n\n\t\t\t\t\t\t<button type=\"submit\" class=\"col-md-6 btn btn-default red-hs\">Enviar<\/button>\n\t\t\t\t\t\t<a href=\"https:\/\/consweb.hsconsorcios.com.br\/conweb\/recupera_senha.asp?TipoAcesso=login\" target=\"_blank\" class=\"broken_link\">Esqueceu sua senha?<\/a>\n\t\t\t\t\t  <\/div>\n\t\t\t\t\t  \n\t\t\t\t  <\/div>\n\t\t\t\t<\/form>\t\t<\/div>\n\t\t\t\t<\/div>\n\t\t\t\t\t<\/div>\n\t\t<\/div>\n\t\t\t\t\t<\/div>\n\t\t<\/section>\n\t\t\t\t<section class=\"has_eae_slider elementor-section elementor-top-section elementor-element elementor-element-f7023e1 elementor-section-boxed elementor-section-height-default elementor-section-height-default elementor-invisible\" data-id=\"f7023e1\" data-element_type=\"section\" data-settings=\"{&quot;animation&quot;:&quot;slideInUp&quot;}\">\n\t\t\t\t\t\t<div class=\"elementor-container elementor-column-gap-default\">\n\t\t\t\t\t<div class=\"has_eae_slider elementor-column elementor-col-50 elementor-top-column elementor-element elementor-element-42a95bc\" data-id=\"42a95bc\" data-element_type=\"column\" data-settings=\"{&quot;background_background&quot;:&quot;classic&quot;}\">\n\t\t\t<div class=\"elementor-widget-wrap elementor-element-populated\">\n\t\t\t\t\t\t<section class=\"has_eae_slider elementor-section elementor-inner-section elementor-element elementor-element-e701e0a elementor-section-boxed elementor-section-height-default elementor-section-height-default\" data-id=\"e701e0a\" data-element_type=\"section\">\n\t\t\t\t\t\t<div class=\"elementor-container elementor-column-gap-default\">\n\t\t\t\t\t<div class=\"has_eae_slider elementor-column elementor-col-50 elementor-inner-column elementor-element elementor-element-d97e0cf elementor-hidden-mobile\" data-id=\"d97e0cf\" data-element_type=\"column\" data-settings=\"{&quot;background_background&quot;:&quot;classic&quot;}\">\n\t\t\t<div class=\"elementor-widget-wrap elementor-element-populated\">\n\t\t\t\t\t\t<div class=\"elementor-element elementor-element-95df9d5 elementor-view-default elementor-widget elementor-widget-icon\" data-id=\"95df9d5\" data-element_type=\"widget\" data-widget_type=\"icon.default\">\n\t\t\t\t<div class=\"elementor-widget-container\">\n\t\t\t\t\t<div class=\"elementor-icon-wrapper\">\n\t\t\t<div class=\"elementor-icon\">\n\t\t\t<i aria-hidden=\"true\" class=\"fas fa-wallet\"><\/i>\t\t\t<\/div>\n\t\t<\/div>\n\t\t\t\t<\/div>\n\t\t\t\t<\/div>\n\t\t\t\t\t<\/div>\n\t\t<\/div>\n\t\t\t\t<div class=\"has_eae_slider elementor-column elementor-col-50 elementor-inner-column elementor-element elementor-element-a31c39d\" data-id=\"a31c39d\" data-element_type=\"column\" data-settings=\"{&quot;background_background&quot;:&quot;classic&quot;}\">\n\t\t\t<div class=\"elementor-widget-wrap elementor-element-populated\">\n\t\t\t\t\t\t<div class=\"elementor-element elementor-element-6cd228b elementor-widget elementor-widget-heading\" data-id=\"6cd228b\" data-element_type=\"widget\" data-widget_type=\"heading.default\">\n\t\t\t\t<div class=\"elementor-widget-container\">\n\t\t\t<h2 class=\"elementor-heading-title elementor-size-default\">Cotas Canceladas Contempladas<\/h2>\t\t<\/div>\n\t\t\t\t<\/div>\n\t\t\t\t<div class=\"elementor-element elementor-element-5d44cf2 elementor-widget elementor-widget-text-editor\" data-id=\"5d44cf2\" data-element_type=\"widget\" data-widget_type=\"text-editor.default\">\n\t\t\t\t<div class=\"elementor-widget-container\">\n\t\t\t\t\t\t\t<p>Solicita\u00e7\u00e3o de recebimento de valores de cotas canceladas contempladas<\/p>\t\t\t\t\t\t<\/div>\n\t\t\t\t<\/div>\n\t\t\t\t\t<\/div>\n\t\t<\/div>\n\t\t\t\t\t<\/div>\n\t\t<\/section>\n\t\t\t\t<div class=\"elementor-element elementor-element-a5f39b2 elementor-widget elementor-widget-html\" data-id=\"a5f39b2\" data-element_type=\"widget\" data-widget_type=\"html.default\">\n\t\t\t\t<div class=\"elementor-widget-container\">\n\t\t\t\n\t\t\t\t<form action=\"https:\/\/demo.happ.com.br\/hsconsorcios\/devolucao_cancelados\/\" method=\"post\" class=\"has-validation-callback\">\n\t\t\t\t  <div class=\"col-md-12 center gray-hs-low login-box\">\n\t\t\t\t  \t  <br>\n\t\t\t\t\t  <div class=\"col-md-6 padding5 left\">\n\t\t\t\t\t\t<label>Cpf: <span class=\"required\">*<\/span><\/label>\n\t\t\t\t\t\t<input name=\"cpf_cnpj\" class=\"form-control no-padding\" data-validation=\"required\" type=\"number\" required=\"\">\n\t\t\t\t\t  <\/div>\n\t\t\t\t\t  <div class=\"buttons-box clearfix padding5\">\n\t\t\t\t\t  \t<input type=\"hidden\" name=\"bbwVersao\" value=\"0\">\n\t\t\t\t\t\t<button type=\"submit\" class=\"col-md-6 btn btn-default red-hs\">Enviar<\/button>\n\t\t\t\t\t\t\n\t\t\t\t\t  <\/div>\n\t\t\t\t\t  \n\t\t\t\t  <\/div>\n\t\t\t\t<\/form><br><br><br><br><br><br><br><br>\t\t<\/div>\n\t\t\t\t<\/div>\n\t\t\t\t\t<\/div>\n\t\t<\/div>\n\t\t\t\t<div class=\"has_eae_slider elementor-column elementor-col-50 elementor-top-column elementor-element elementor-element-550b47b\" data-id=\"550b47b\" data-element_type=\"column\" data-settings=\"{&quot;background_background&quot;:&quot;classic&quot;}\">\n\t\t\t<div class=\"elementor-widget-wrap elementor-element-populated\">\n\t\t\t\t\t\t<section class=\"has_eae_slider elementor-section elementor-inner-section elementor-element elementor-element-5a83048 elementor-section-boxed elementor-section-height-default elementor-section-height-default\" data-id=\"5a83048\" data-element_type=\"section\" data-settings=\"{&quot;background_background&quot;:&quot;classic&quot;}\">\n\t\t\t\t\t\t<div class=\"elementor-container elementor-column-gap-default\">\n\t\t\t\t\t<div class=\"has_eae_slider elementor-column elementor-col-50 elementor-inner-column elementor-element elementor-element-42da65b elementor-hidden-mobile\" data-id=\"42da65b\" data-element_type=\"column\" data-settings=\"{&quot;background_background&quot;:&quot;classic&quot;}\">\n\t\t\t<div class=\"elementor-widget-wrap elementor-element-populated\">\n\t\t\t\t\t\t<div class=\"elementor-element elementor-element-5ba568f elementor-view-default elementor-widget elementor-widget-icon\" data-id=\"5ba568f\" data-element_type=\"widget\" data-widget_type=\"icon.default\">\n\t\t\t\t<div class=\"elementor-widget-container\">\n\t\t\t\t\t<div class=\"elementor-icon-wrapper\">\n\t\t\t<div class=\"elementor-icon\">\n\t\t\t<i aria-hidden=\"true\" class=\"fas fa-money-bill-wave\"><\/i>\t\t\t<\/div>\n\t\t<\/div>\n\t\t\t\t<\/div>\n\t\t\t\t<\/div>\n\t\t\t\t\t<\/div>\n\t\t<\/div>\n\t\t\t\t<div class=\"has_eae_slider elementor-column elementor-col-50 elementor-inner-column elementor-element elementor-element-ada234a\" data-id=\"ada234a\" data-element_type=\"column\" data-settings=\"{&quot;background_background&quot;:&quot;classic&quot;}\">\n\t\t\t<div class=\"elementor-widget-wrap elementor-element-populated\">\n\t\t\t\t\t\t<div class=\"elementor-element elementor-element-b519bf3 elementor-widget elementor-widget-heading\" data-id=\"b519bf3\" data-element_type=\"widget\" data-widget_type=\"heading.default\">\n\t\t\t\t<div class=\"elementor-widget-container\">\n\t\t\t<h2 class=\"elementor-heading-title elementor-size-default\">Valores a Devolver Fundo de Reserva<\/h2>\t\t<\/div>\n\t\t\t\t<\/div>\n\t\t\t\t<div class=\"elementor-element elementor-element-cca8f3a elementor-widget elementor-widget-text-editor\" data-id=\"cca8f3a\" data-element_type=\"widget\" data-widget_type=\"text-editor.default\">\n\t\t\t\t<div class=\"elementor-widget-container\">\n\t\t\t\t\t\t\t<p>Consulta dos valores a devolver dos seu(s) cons\u00f3rcio(s):<\/p>\n<p><\/p>\t\t\t\t\t\t<\/div>\n\t\t\t\t<\/div>\n\t\t\t\t\t<\/div>\n\t\t<\/div>\n\t\t\t\t\t<\/div>\n\t\t<\/section>\n\t\t\t\t<div class=\"elementor-element elementor-element-ca1aae8 elementor-widget elementor-widget-html\" data-id=\"ca1aae8\" data-element_type=\"widget\" data-widget_type=\"html.default\">\n\t\t\t\t<div class=\"elementor-widget-container\">\n\t\t\t\t    \t\n\t\t\t\t<form class=\"has-validation-callback\" action=\"https:\/\/consweb.hsconsorcios.com.br\/conweb\/identifica.asp?TipoAcesso=ValoresDevolver\" method=\"post\">\n\t\t\t\t\t<div class=\"col-md-12 center gray-hs-low login-box\">\n\t\t\t\t\t\t<br>\n\t\t\t\t\t\t  <div class=\"col-md-12  padding5 left\">\n\t\t\t\t\t\t\t<label>CPF\/CNPJ: (Somente n\u00fameros, sem tra\u00e7os ou pontos)<span class=\"required\">*<\/span><\/label>\n\t\t\t\t\t\t\t<input class=\"form-control no-padding\" type=\"number\" data-validation=\"required\" name=\"bbwCgcCpf\" required=\"\">\n\t\t\t\t\t\t  <\/div>\n\t\t\t\t\t\t  \t\t\t\t  \n\t\t\t\t\t\t  <div class=\"col-md-12  padding5 left\">\n\t\t\t\t\t\t\t<label>SENHA: <span class=\"required\">*<\/span><\/label>\n\t\t\t\t\t\t\t<input class=\"form-control no-padding\" type=\"password\" data-validation=\"required\" name=\"bbwSenhaValoresDevolver\" required=\"\">\n\t\t\t\t\t\t  <\/div>\n\t\t\t  \n\t\t\t\t\t\t  <div class=\"buttons-box clearfix padding5\">\n\t\t\t\t\t\t\t<button class=\"col-md-6 btn btn-default red-hs\">Enviar<\/button>\n\t\t\t\t<a href=\"https:\/\/consweb.hsconsorcios.com.br\/conweb\/recupera_senha.asp?TipoAcesso=ValoresDevolver&amp;bbwCgcCpf=\" target=\"_blank\" class=\"broken_link\">Esqueceu sua senha?<\/a>\t\t\t<!-- <a href=\"http:\/\/consweb.hsconsorcios.com.br\/conweb\/recupera_senha.asp?TipoAcesso=ValoresDevolver\" target=\"_blank\">ESQUECEU SUA SENHA?<\/a> -->\n\t\t\t\t\t\t  <\/div>\n\t\t\t\t\t<\/div>\n\t\t\t\t<\/form>\t\t<\/div>\n\t\t\t\t<\/div>\n\t\t\t\t\t<\/div>\n\t\t<\/div>\n\t\t\t\t\t<\/div>\n\t\t<\/section>\n\t\t\t\t<section class=\"has_eae_slider elementor-section elementor-top-section elementor-element elementor-element-5623c16c elementor-section-boxed elementor-section-height-default elementor-section-height-default\" data-id=\"5623c16c\" data-element_type=\"section\">\n\t\t\t\t\t\t<div class=\"elementor-container elementor-column-gap-default\">\n\t\t\t\t\t<div class=\"has_eae_slider elementor-column elementor-col-100 elementor-top-column elementor-element elementor-element-7339aea3\" data-id=\"7339aea3\" data-element_type=\"column\">\n\t\t\t<div class=\"elementor-widget-wrap elementor-element-populated\">\n\t\t\t\t\t\t<div class=\"elementor-element elementor-element-33ce9857 elementor-widget elementor-widget-heading\" data-id=\"33ce9857\" data-element_type=\"widget\" data-widget_type=\"heading.default\">\n\t\t\t\t<div class=\"elementor-widget-container\">\n\t\t\t<h3 class=\"elementor-heading-title elementor-size-default\">Perguntas Frequentes<\/h3>\t\t<\/div>\n\t\t\t\t<\/div>\n\t\t\t\t<div class=\"elementor-element elementor-element-77555fee elementor-widget elementor-widget-accordion\" data-id=\"77555fee\" data-element_type=\"widget\" data-widget_type=\"accordion.default\">\n\t\t\t\t<div class=\"elementor-widget-container\">\n\t\t\t\t\t<div class=\"elementor-accordion\">\n\t\t\t\t\t\t\t<div class=\"elementor-accordion-item\">\n\t\t\t\t\t<div id=\"elementor-tab-title-2001\" class=\"elementor-tab-title\" data-tab=\"1\" role=\"button\" aria-controls=\"elementor-tab-content-2001\" aria-expanded=\"false\">\n\t\t\t\t\t\t\t\t\t\t\t\t\t<span class=\"elementor-accordion-icon elementor-accordion-icon-left\" aria-hidden=\"true\">\n\t\t\t\t\t\t\t\t\t\t\t\t\t\t\t<span class=\"elementor-accordion-icon-closed\"><i class=\"fas fa-plus\"><\/i><\/span>\n\t\t\t\t\t\t\t\t<span class=\"elementor-accordion-icon-opened\"><i class=\"fas fa-minus\"><\/i><\/span>\n\t\t\t\t\t\t\t\t\t\t\t\t\t\t<\/span>\n\t\t\t\t\t\t\t\t\t\t\t\t<a class=\"elementor-accordion-title\" tabindex=\"0\">O QUE \u00c9 CARTA DE CR\u00c9DITO?<\/a>\n\t\t\t\t\t<\/div>\n\t\t\t\t\t<div id=\"elementor-tab-content-2001\" class=\"elementor-tab-content elementor-clearfix\" data-tab=\"1\" role=\"region\" aria-labelledby=\"elementor-tab-title-2001\">Carta de cr\u00e9dito \u00e9 o valor dispon\u00edvel para a aquisi\u00e7\u00e3o do bem de acordo com contrato realizado com a administradora.<\/div>\n\t\t\t\t<\/div>\n\t\t\t\t\t\t\t<div class=\"elementor-accordion-item\">\n\t\t\t\t\t<div id=\"elementor-tab-title-2002\" class=\"elementor-tab-title\" data-tab=\"2\" role=\"button\" aria-controls=\"elementor-tab-content-2002\" aria-expanded=\"false\">\n\t\t\t\t\t\t\t\t\t\t\t\t\t<span class=\"elementor-accordion-icon elementor-accordion-icon-left\" aria-hidden=\"true\">\n\t\t\t\t\t\t\t\t\t\t\t\t\t\t\t<span class=\"elementor-accordion-icon-closed\"><i class=\"fas fa-plus\"><\/i><\/span>\n\t\t\t\t\t\t\t\t<span class=\"elementor-accordion-icon-opened\"><i class=\"fas fa-minus\"><\/i><\/span>\n\t\t\t\t\t\t\t\t\t\t\t\t\t\t<\/span>\n\t\t\t\t\t\t\t\t\t\t\t\t<a class=\"elementor-accordion-title\" tabindex=\"0\">O QUE \u00c9 UM GRUPO?<\/a>\n\t\t\t\t\t<\/div>\n\t\t\t\t\t<div id=\"elementor-tab-content-2002\" class=\"elementor-tab-content elementor-clearfix\" data-tab=\"2\" role=\"region\" aria-labelledby=\"elementor-tab-title-2002\">Grupo \u00e9 uma sociedade de fato constitu\u00edda por consorciados reunidos pela administradora para os fins estabelecidos pelo cons\u00f3rcio, qual seja, o da aquisi\u00e7\u00e3o de bens m\u00f3veis ou im\u00f3veis, por meio de autofinanciamento, com prazo de dura\u00e7\u00e3o previamente estabelecido, cujo encerramento ocorrer\u00e1 quando plenamente forem atendidos os seus objetivos.<\/div>\n\t\t\t\t<\/div>\n\t\t\t\t\t\t\t<div class=\"elementor-accordion-item\">\n\t\t\t\t\t<div id=\"elementor-tab-title-2003\" class=\"elementor-tab-title\" data-tab=\"3\" role=\"button\" aria-controls=\"elementor-tab-content-2003\" aria-expanded=\"false\">\n\t\t\t\t\t\t\t\t\t\t\t\t\t<span class=\"elementor-accordion-icon elementor-accordion-icon-left\" aria-hidden=\"true\">\n\t\t\t\t\t\t\t\t\t\t\t\t\t\t\t<span class=\"elementor-accordion-icon-closed\"><i class=\"fas fa-plus\"><\/i><\/span>\n\t\t\t\t\t\t\t\t<span class=\"elementor-accordion-icon-opened\"><i class=\"fas fa-minus\"><\/i><\/span>\n\t\t\t\t\t\t\t\t\t\t\t\t\t\t<\/span>\n\t\t\t\t\t\t\t\t\t\t\t\t<a class=\"elementor-accordion-title\" tabindex=\"0\">O QUE \u00c9 LANCE?<\/a>\n\t\t\t\t\t<\/div>\n\t\t\t\t\t<div id=\"elementor-tab-content-2003\" class=\"elementor-tab-content elementor-clearfix\" data-tab=\"3\" role=\"region\" aria-labelledby=\"elementor-tab-title-2003\">Lance \u00e9 um valor ofertado pelo cliente com o intuito de antecipar a sua contempla\u00e7\u00e3o. Todos os consorciados em dia com a parcela mensal podem efetuar lances, de acordo com as caracter\u00edsticas do grupo ao qual participam. Os lances est\u00e3o divididos nas modalidades Livre, Limitado, Retido, Fixo e Fidelidade.<\/div>\n\t\t\t\t<\/div>\n\t\t\t\t\t\t\t<div class=\"elementor-accordion-item\">\n\t\t\t\t\t<div id=\"elementor-tab-title-2004\" class=\"elementor-tab-title\" data-tab=\"4\" role=\"button\" aria-controls=\"elementor-tab-content-2004\" aria-expanded=\"false\">\n\t\t\t\t\t\t\t\t\t\t\t\t\t<span class=\"elementor-accordion-icon elementor-accordion-icon-left\" aria-hidden=\"true\">\n\t\t\t\t\t\t\t\t\t\t\t\t\t\t\t<span class=\"elementor-accordion-icon-closed\"><i class=\"fas fa-plus\"><\/i><\/span>\n\t\t\t\t\t\t\t\t<span class=\"elementor-accordion-icon-opened\"><i class=\"fas fa-minus\"><\/i><\/span>\n\t\t\t\t\t\t\t\t\t\t\t\t\t\t<\/span>\n\t\t\t\t\t\t\t\t\t\t\t\t<a class=\"elementor-accordion-title\" tabindex=\"0\">O QUE SIGNIFICA UMA COTA?<\/a>\n\t\t\t\t\t<\/div>\n\t\t\t\t\t<div id=\"elementor-tab-content-2004\" class=\"elementor-tab-content elementor-clearfix\" data-tab=\"4\" role=\"region\" aria-labelledby=\"elementor-tab-title-2004\">Cota \u00e9 o n\u00famero de identifica\u00e7\u00e3o de cada consorciado participante no Grupo.<\/div>\n\t\t\t\t<\/div>\n\t\t\t\t\t\t\t\t<\/div>\n\t\t\t\t<\/div>\n\t\t\t\t<\/div>\n\t\t\t\t<div class=\"elementor-element elementor-element-358ec599 elementor-widget elementor-widget-text-editor\" data-id=\"358ec599\" data-element_type=\"widget\" data-widget_type=\"text-editor.default\">\n\t\t\t\t<div class=\"elementor-widget-container\">\n\t\t\t\t\t\t\t<p style=\"text-align: center;\"><strong>Ainda em d\u00favida? Visite nossa \u00e1rea de <a href=\"https:\/\/demo.happ.com.br\/hsconsorcios\/contato#perguntas-frequentes\">Perguntas Frequentes<\/a>.<\/strong><\/p>\t\t\t\t\t\t<\/div>\n\t\t\t\t<\/div>\n\t\t\t\t\t<\/div>\n\t\t<\/div>\n\t\t\t\t\t<\/div>\n\t\t<\/section>\n\t\t\t\t<\/div>\n\t\t","protected":false},"excerpt":{"rendered":"<p>Clientes &#8211; \u00c1rea Restrita Cotas Ativas Acesse a \u00e1rea restrita do seu cons\u00f3rcio ativo > GRUPO: * COTA: * SENHA: * Enviar Esqueceu sua senha? Cotas Canceladas Contempladas Solicita\u00e7\u00e3o de recebimento de valores de cotas canceladas contempladas Cpf: * Enviar Valores a Devolver Fundo de Reserva Consulta dos valores a devolver dos seu(s) cons\u00f3rcio(s): CPF\/CNPJ: [&hellip;]<\/p>\n","protected":false},"author":12,"featured_media":0,"parent":0,"menu_order":0,"comment_status":"closed","ping_status":"closed","template":"","meta":{"_acf_changed":false,"inline_featured_image":false,"footnotes":""},"class_list":["post-3093","page","type-page","status-publish","hentry"],"acf":[],"_links":{"self":[{"href":"https:\/\/demo.happ.com.br\/hsconsorcios\/wp-json\/wp\/v2\/pages\/3093"}],"collection":[{"href":"https:\/\/demo.happ.com.br\/hsconsorcios\/wp-json\/wp\/v2\/pages"}],"about":[{"href":"https:\/\/demo.happ.com.br\/hsconsorcios\/wp-json\/wp\/v2\/types\/page"}],"author":[{"embeddable":true,"href":"https:\/\/demo.happ.com.br\/hsconsorcios\/wp-json\/wp\/v2\/users\/12"}],"replies":[{"embeddable":true,"href":"https:\/\/demo.happ.com.br\/hsconsorcios\/wp-json\/wp\/v2\/comments?post=3093"}],"version-history":[{"count":75,"href":"https:\/\/demo.happ.com.br\/hsconsorcios\/wp-json\/wp\/v2\/pages\/3093\/revisions"}],"predecessor-version":[{"id":21126,"href":"https:\/\/demo.happ.com.br\/hsconsorcios\/wp-json\/wp\/v2\/pages\/3093\/revisions\/21126"}],"wp:attachment":[{"href":"https:\/\/demo.happ.com.br\/hsconsorcios\/wp-json\/wp\/v2\/media?parent=3093"}],"curies":[{"name":"wp","href":"https:\/\/api.w.org\/{rel}","templated":true}]}}