{"id":1838,"date":"2022-09-23T11:48:05","date_gmt":"2022-09-23T14:48:05","guid":{"rendered":"https:\/\/novo.hsconsorcios.com.br\/?page_id=1838"},"modified":"2023-07-20T09:51:04","modified_gmt":"2023-07-20T12:51:04","slug":"lgpd","status":"publish","type":"page","link":"https:\/\/demo.happ.com.br\/hsconsorcios\/lgpd\/","title":{"rendered":"LGPD"},"content":{"rendered":"\t\t<div data-elementor-type=\"wp-page\" data-elementor-id=\"1838\" class=\"elementor elementor-1838\" data-elementor-post-type=\"page\">\n\t\t\t\t\t\t<section class=\"has_eae_slider elementor-section elementor-top-section elementor-element elementor-element-0f41820 elementor-section-boxed elementor-section-height-default elementor-section-height-default\" data-id=\"0f41820\" data-element_type=\"section\">\n\t\t\t\t\t\t<div class=\"elementor-container elementor-column-gap-default\">\n\t\t\t\t\t<div class=\"has_eae_slider elementor-column elementor-col-100 elementor-top-column elementor-element elementor-element-42272af\" data-id=\"42272af\" data-element_type=\"column\">\n\t\t\t<div class=\"elementor-widget-wrap elementor-element-populated\">\n\t\t\t\t\t\t<div class=\"elementor-element elementor-element-97d3e67 elementor-widget elementor-widget-heading\" data-id=\"97d3e67\" data-element_type=\"widget\" data-widget_type=\"heading.default\">\n\t\t\t\t<div class=\"elementor-widget-container\">\n\t\t\t<h2 class=\"elementor-heading-title elementor-size-default\">Informa\u00e7\u00f5es Lei Geral de Prote\u00e7\u00e3o de Dados - LGPD<\/h2>\t\t<\/div>\n\t\t\t\t<\/div>\n\t\t\t\t\t<\/div>\n\t\t<\/div>\n\t\t\t\t\t<\/div>\n\t\t<\/section>\n\t\t\t\t<section class=\"has_eae_slider elementor-section elementor-top-section elementor-element elementor-element-a4bde61 elementor-section-boxed elementor-section-height-default elementor-section-height-default\" data-id=\"a4bde61\" data-element_type=\"section\" data-settings=\"{&quot;background_background&quot;:&quot;classic&quot;}\">\n\t\t\t\t\t\t<div class=\"elementor-container elementor-column-gap-default\">\n\t\t\t\t\t<div class=\"has_eae_slider elementor-column elementor-col-100 elementor-top-column elementor-element elementor-element-d592ce8\" data-id=\"d592ce8\" data-element_type=\"column\">\n\t\t\t<div class=\"elementor-widget-wrap elementor-element-populated\">\n\t\t\t\t\t\t<div class=\"elementor-element elementor-element-0b0eb6a elementor-widget elementor-widget-text-editor\" data-id=\"0b0eb6a\" data-element_type=\"widget\" data-widget_type=\"text-editor.default\">\n\t\t\t\t<div class=\"elementor-widget-container\">\n\t\t\t\t\t\t\t<p><b>Lei Geral de Prote\u00e7\u00e3o de Dados, o que \u00e9?<\/b><\/p><p><b>\u00a0<\/b><\/p><p>A Lei Geral de Prote\u00e7\u00e3o de Dados &#8211; LGPD (Lei n\u00ba 13.709\/2018) garante que voc\u00ea, titular de dados pessoais, tenha consulta facilitada e gratuita\u00a0sobre o tratamento de seus dados pessoais, em aten\u00e7\u00e3o aos princ\u00edpios do livre acesso e da transpar\u00eancia.<span class=\"Apple-converted-space\">\u00a0<\/span><\/p><p>A HS Cons\u00f3rcios est\u00e1 continuamente se empenhando para que voc\u00ea possa exercer seus direitos com agilidade e seguran\u00e7a.<span class=\"Apple-converted-space\">\u00a0<\/span><\/p><p><span class=\"Apple-converted-space\">\u00a0<\/span><\/p><p><b>O que s\u00e3o dados pessoais?<\/b><\/p><p>S\u00e3o informa\u00e7\u00f5es relativas a uma pessoa identificada ou identific\u00e1vel. Tamb\u00e9m constituem dados pessoais o conjunto de informa\u00e7\u00f5es que podem levar \u00e0 identifica\u00e7\u00e3o de uma pessoa exemplo: nome, RG, CPF, telefone, e-mail etc.<\/p><p>\u00a0<\/p><p>\u00a0<\/p><p><b>Quais s\u00e3o os meus direitos como Titular dos Dados?<\/b><\/p><p>A LGPD prev\u00ea uma ampla gama de direitos dos titulares de dados. Veja abaixo quais s\u00e3o eles:<span class=\"Apple-converted-space\">\u00a0<\/span><\/p><ul><li>Acesso as informa\u00e7\u00f5es sobre o tratamento de seus dados, que dever\u00e3o ser disponibilizadas de forma clara, adequada e ostensiva;<span class=\"Apple-converted-space\">\u00a0<\/span><\/li><li>Confirma\u00e7\u00e3o da exist\u00eancia de tratamento;<span class=\"Apple-converted-space\">\u00a0<\/span><\/li><li>Acesso aos dados;<span class=\"Apple-converted-space\">\u00a0<\/span><\/li><li>Corre\u00e7\u00e3o de dados incompletos, inexatos ou desatualizados;<span class=\"Apple-converted-space\">\u00a0<\/span><\/li><li>Anonimiza\u00e7\u00e3o, bloqueio ou elimina\u00e7\u00e3o de dados desnecess\u00e1rios, excessivos ou tratados em desconformidade com o disposto na LGPD;<span class=\"Apple-converted-space\">\u00a0<\/span><\/li><li>Portabilidade dos dados a outro fornecedor de servi\u00e7o ou produto, mediante requisi\u00e7\u00e3o expressa, de acordo com a regulamenta\u00e7\u00e3o da autoridade nacional, observados os segredos comercial e industrial;<span class=\"Apple-converted-space\">\u00a0<br \/><\/span><\/li><li>Elimina\u00e7\u00e3o dos dados pessoais tratados com o consentimento do titular, exceto nas hip\u00f3teses previstas no art. 16 da LGPD;<span class=\"Apple-converted-space\">\u00a0<\/span><\/li><li>Informa\u00e7\u00e3o das entidades p\u00fablicas e privadas com as quais o controlador realizou uso compartilhado de dados;<span class=\"Apple-converted-space\">\u00a0<\/span><\/li><li>Informa\u00e7\u00e3o sobre a possibilidade de n\u00e3o fornecer consentimento e sobre as consequ\u00eancias da negativa;<span class=\"Apple-converted-space\">\u00a0<\/span><\/li><li>Revoga\u00e7\u00e3o do consentimento, mediante manifesta\u00e7\u00e3o expressa do titular, por procedimento gratuito e facilitado;<span class=\"Apple-converted-space\">\u00a0<\/span><\/li><li>Oposi\u00e7\u00e3o a tratamento realizado com fundamento em uma das hip\u00f3teses de dispensa de consentimento, em caso de descumprimento ao disposto na LGPD;<\/li><li>Solicita\u00e7\u00e3o de revis\u00e3o de decis\u00f5es e informa\u00e7\u00f5es sobre decis\u00f5es tomadas unicamente com base em tratamento automatizado de dados pessoais que afetem seus interesses como titular de dados, respeitados os segredos comercial e industrial da HS Cons\u00f3rcios.<span class=\"Apple-converted-space\">\u00a0<\/span><\/li><\/ul><p><b>\u00a0<\/b><\/p><p><b>Como exercer os meus direitos?<\/b><\/p><p>Caso voc\u00ea tenha d\u00favidas acerca do tratamento dos seus dados pessoais e as op\u00e7\u00f5es dispon\u00edveis no formul\u00e1rio abaixo, a seguir, n\u00e3o lhe atendam, voc\u00ea poder\u00e1 entrar em contato conosco atrav\u00e9s do e-mail:\u00a0lgpd@hsconsorcio.com.br<\/p>\t\t\t\t\t\t<\/div>\n\t\t\t\t<\/div>\n\t\t\t\t\t<\/div>\n\t\t<\/div>\n\t\t\t\t\t<\/div>\n\t\t<\/section>\n\t\t\t\t<section class=\"has_eae_slider elementor-section elementor-top-section elementor-element elementor-element-7d3a095 elementor-section-boxed elementor-section-height-default elementor-section-height-default\" data-id=\"7d3a095\" data-element_type=\"section\">\n\t\t\t\t\t\t<div class=\"elementor-container elementor-column-gap-default\">\n\t\t\t\t\t<div class=\"has_eae_slider elementor-column elementor-col-50 elementor-top-column elementor-element elementor-element-2341146\" data-id=\"2341146\" data-element_type=\"column\">\n\t\t\t<div class=\"elementor-widget-wrap elementor-element-populated\">\n\t\t\t\t\t\t<div class=\"elementor-element elementor-element-94a30f9 elementor-widget elementor-widget-text-editor\" data-id=\"94a30f9\" data-element_type=\"widget\" data-widget_type=\"text-editor.default\">\n\t\t\t\t<div class=\"elementor-widget-container\">\n\t\t\t\t\t\t\t<p><strong>Exercer um direito<\/strong><\/p>\t\t\t\t\t\t<\/div>\n\t\t\t\t<\/div>\n\t\t\t\t<div class=\"elementor-element elementor-element-1ff2fd5 elementor-button-align-stretch elementor-widget elementor-widget-form\" data-id=\"1ff2fd5\" data-element_type=\"widget\" data-settings=\"{&quot;step_next_label&quot;:&quot;Pr\\u00f3ximo&quot;,&quot;step_previous_label&quot;:&quot;Anterior&quot;,&quot;button_width&quot;:&quot;100&quot;,&quot;step_type&quot;:&quot;number_text&quot;,&quot;step_icon_shape&quot;:&quot;circle&quot;}\" data-widget_type=\"form.default\">\n\t\t\t\t<div class=\"elementor-widget-container\">\n\t\t\t\t\t<form class=\"elementor-form\" method=\"post\" name=\"LGDP - Direitos\">\n\t\t\t<input type=\"hidden\" name=\"post_id\" value=\"1838\"\/>\n\t\t\t<input type=\"hidden\" name=\"form_id\" value=\"1ff2fd5\"\/>\n\t\t\t<input type=\"hidden\" name=\"referer_title\" value=\"\" \/>\n\n\t\t\t\n\t\t\t<div class=\"elementor-form-fields-wrapper elementor-labels-above\">\n\t\t\t\t\t\t\t\t<div class=\"elementor-field-type-radio elementor-field-group elementor-column elementor-field-group-field_94cf72e elementor-col-100 elementor-field-required elementor-mark-required\">\n\t\t\t\t\t\t\t\t\t\t\t\t<label for=\"form-field-field_94cf72e\" class=\"elementor-field-label\">\n\t\t\t\t\t\t\t\tQual direito voc\u00ea deseja exercer?\t\t\t\t\t\t\t<\/label>\n\t\t\t\t\t\t<div class=\"elementor-field-subgroup  \"><span class=\"elementor-field-option\"><input type=\"radio\" value=\"Quero saber quais dados pessoais s\u00e3o tratados pela empresa\" id=\"form-field-field_94cf72e-0\" name=\"form_fields[field_94cf72e]\" required=\"required\" aria-required=\"true\"> <label for=\"form-field-field_94cf72e-0\">Quero saber quais dados pessoais s\u00e3o tratados pela empresa<\/label><\/span><span class=\"elementor-field-option\"><input type=\"radio\" value=\"Corrigir meus dados\" id=\"form-field-field_94cf72e-1\" name=\"form_fields[field_94cf72e]\" required=\"required\" aria-required=\"true\"> <label for=\"form-field-field_94cf72e-1\">Corrigir meus dados<\/label><\/span><span class=\"elementor-field-option\"><input type=\"radio\" value=\"Quero que voc\u00eas excluam meus dados\" id=\"form-field-field_94cf72e-2\" name=\"form_fields[field_94cf72e]\" required=\"required\" aria-required=\"true\"> <label for=\"form-field-field_94cf72e-2\">Quero que voc\u00eas excluam meus dados<\/label><\/span><\/div>\t\t\t\t<\/div>\n\t\t\t\t\t\t\t\t<div class=\"elementor-field-type-number elementor-field-group elementor-column elementor-field-group-field_809e743 elementor-col-100 elementor-field-required elementor-mark-required\">\n\t\t\t\t\t\t\t\t\t\t\t\t<label for=\"form-field-field_809e743\" class=\"elementor-field-label\">\n\t\t\t\t\t\t\t\tCPF\t\t\t\t\t\t\t<\/label>\n\t\t\t\t\t\t\t\t\t<input type=\"number\" name=\"form_fields[field_809e743]\" id=\"form-field-field_809e743\" class=\"elementor-field elementor-size-sm  elementor-field-textual\" required=\"required\" aria-required=\"true\" min=\"\" max=\"\" >\n\t\t\t\t\t\t<\/div>\n\t\t\t\t\t\t\t\t<div class=\"elementor-field-type-text elementor-field-group elementor-column elementor-field-group-name elementor-col-100 elementor-field-required elementor-mark-required\">\n\t\t\t\t\t\t\t\t\t\t\t\t<label for=\"form-field-name\" class=\"elementor-field-label\">\n\t\t\t\t\t\t\t\tNome Completo\t\t\t\t\t\t\t<\/label>\n\t\t\t\t\t\t\t\t\t\t\t\t\t\t<input size=\"1\" type=\"text\" name=\"form_fields[name]\" id=\"form-field-name\" class=\"elementor-field elementor-size-sm  elementor-field-textual\" placeholder=\"Nome\" required=\"required\" aria-required=\"true\">\n\t\t\t\t\t\t\t\t\t\t\t<\/div>\n\t\t\t\t\t\t\t\t<div class=\"elementor-field-type-radio elementor-field-group elementor-column elementor-field-group-field_7ab18ad elementor-col-100 elementor-field-required elementor-mark-required\">\n\t\t\t\t\t\t\t\t\t\t\t\t<label for=\"form-field-field_7ab18ad\" class=\"elementor-field-label\">\n\t\t\t\t\t\t\t\tConquistou o nome social ou mudou de sobrenome por qualquer motivo?\t\t\t\t\t\t\t<\/label>\n\t\t\t\t\t\t<div class=\"elementor-field-subgroup  \"><span class=\"elementor-field-option\"><input type=\"radio\" value=\"Sim\" id=\"form-field-field_7ab18ad-0\" name=\"form_fields[field_7ab18ad]\" required=\"required\" aria-required=\"true\"> <label for=\"form-field-field_7ab18ad-0\">Sim<\/label><\/span><span class=\"elementor-field-option\"><input type=\"radio\" value=\"N\u00e3o\" id=\"form-field-field_7ab18ad-1\" name=\"form_fields[field_7ab18ad]\" required=\"required\" aria-required=\"true\"> <label for=\"form-field-field_7ab18ad-1\">N\u00e3o<\/label><\/span><\/div>\t\t\t\t<\/div>\n\t\t\t\t\t\t\t\t<div class=\"elementor-field-type-tel elementor-field-group elementor-column elementor-field-group-field_83fc24f elementor-col-100 elementor-field-required elementor-mark-required\">\n\t\t\t\t\t\t\t\t\t\t\t\t<label for=\"form-field-field_83fc24f\" class=\"elementor-field-label\">\n\t\t\t\t\t\t\t\tTelefone\t\t\t\t\t\t\t<\/label>\n\t\t\t\t\t\t\t\t<input size=\"1\" type=\"tel\" name=\"form_fields[field_83fc24f]\" id=\"form-field-field_83fc24f\" class=\"elementor-field elementor-size-sm  elementor-field-textual\" required=\"required\" aria-required=\"true\" pattern=\"[0-9()#&amp;+*-=.]+\" title=\"Apenas n\u00fameros e caracteres de telefone (#, -, *, etc.) s\u00e3o aceitos.\">\n\n\t\t\t\t\t\t<\/div>\n\t\t\t\t\t\t\t\t<div class=\"elementor-field-type-email elementor-field-group elementor-column elementor-field-group-email elementor-col-100 elementor-field-required elementor-mark-required\">\n\t\t\t\t\t\t\t\t\t\t\t\t<label for=\"form-field-email\" class=\"elementor-field-label\">\n\t\t\t\t\t\t\t\tE-mail\t\t\t\t\t\t\t<\/label>\n\t\t\t\t\t\t\t\t\t\t\t\t\t\t<input size=\"1\" type=\"email\" name=\"form_fields[email]\" id=\"form-field-email\" class=\"elementor-field elementor-size-sm  elementor-field-textual\" placeholder=\"E-mail\" required=\"required\" aria-required=\"true\">\n\t\t\t\t\t\t\t\t\t\t\t<\/div>\n\t\t\t\t\t\t\t\t<div class=\"elementor-field-type-textarea elementor-field-group elementor-column elementor-field-group-message elementor-col-100\">\n\t\t\t\t\t\t\t\t\t\t\t\t<label for=\"form-field-message\" class=\"elementor-field-label\">\n\t\t\t\t\t\t\t\tDescri\u00e7\u00e3o Detalhada\t\t\t\t\t\t\t<\/label>\n\t\t\t\t\t\t<textarea class=\"elementor-field-textual elementor-field  elementor-size-sm\" name=\"form_fields[message]\" id=\"form-field-message\" rows=\"4\" placeholder=\"Mensagem\"><\/textarea>\t\t\t\t<\/div>\n\t\t\t\t\t\t\t\t<div class=\"elementor-field-type-recaptcha_v3 elementor-field-group elementor-column elementor-field-group-field_4842cd5 elementor-col-100 recaptcha_v3-inline\">\n\t\t\t\t\t<div class=\"elementor-field\" id=\"form-field-field_4842cd5\"><div class=\"elementor-g-recaptcha\" data-sitekey=\"6Ld1q2QlAAAAAL7sGAXskhxslJnEESH-4W7wCHYT\" data-type=\"v3\" data-action=\"Form\" data-badge=\"inline\" data-size=\"invisible\"><\/div><\/div>\t\t\t\t<\/div>\n\t\t\t\t\t\t\t\t<div class=\"elementor-field-group elementor-column elementor-field-type-submit elementor-col-100 e-form__buttons\">\n\t\t\t\t\t<button class=\"elementor-button elementor-size-sm\" type=\"submit\">\n\t\t\t\t\t\t<span class=\"elementor-button-content-wrapper\">\n\t\t\t\t\t\t\t\t\t\t\t\t\t\t\t\t\t\t\t\t\t\t<span class=\"elementor-button-text\">Enviar Solicita\u00e7\u00e3o<\/span>\n\t\t\t\t\t\t\t\t\t\t\t\t\t<\/span>\n\t\t\t\t\t<\/button>\n\t\t\t\t<\/div>\n\t\t\t<\/div>\n\t\t<\/form>\n\t\t\t\t<\/div>\n\t\t\t\t<\/div>\n\t\t\t\t\t<\/div>\n\t\t<\/div>\n\t\t\t\t<div class=\"has_eae_slider elementor-column elementor-col-50 elementor-top-column elementor-element elementor-element-c827f28\" data-id=\"c827f28\" data-element_type=\"column\" data-settings=\"{&quot;background_background&quot;:&quot;classic&quot;}\">\n\t\t\t<div class=\"elementor-widget-wrap elementor-element-populated\">\n\t\t\t\t\t\t<div class=\"elementor-element elementor-element-7a39e15 elementor-widget elementor-widget-text-editor\" data-id=\"7a39e15\" data-element_type=\"widget\" data-widget_type=\"text-editor.default\">\n\t\t\t\t<div class=\"elementor-widget-container\">\n\t\t\t\t\t\t\t<p><strong>Realizar uma den\u00fancia de tratamento irregular de dados.<\/strong><\/p>\t\t\t\t\t\t<\/div>\n\t\t\t\t<\/div>\n\t\t\t\t<div class=\"elementor-element elementor-element-0ec5857 elementor-button-align-stretch elementor-widget elementor-widget-form\" data-id=\"0ec5857\" data-element_type=\"widget\" data-settings=\"{&quot;step_next_label&quot;:&quot;Pr\\u00f3ximo&quot;,&quot;step_previous_label&quot;:&quot;Anterior&quot;,&quot;button_width&quot;:&quot;100&quot;,&quot;step_type&quot;:&quot;number_text&quot;,&quot;step_icon_shape&quot;:&quot;circle&quot;}\" data-widget_type=\"form.default\">\n\t\t\t\t<div class=\"elementor-widget-container\">\n\t\t\t\t\t<form class=\"elementor-form\" method=\"post\" name=\"LGPD-Denuncia\">\n\t\t\t<input type=\"hidden\" name=\"post_id\" value=\"1838\"\/>\n\t\t\t<input type=\"hidden\" name=\"form_id\" value=\"0ec5857\"\/>\n\t\t\t<input type=\"hidden\" name=\"referer_title\" value=\"\" \/>\n\n\t\t\t\n\t\t\t<div class=\"elementor-form-fields-wrapper elementor-labels-above\">\n\t\t\t\t\t\t\t\t<div class=\"elementor-field-type-number elementor-field-group elementor-column elementor-field-group-field_ab920f7 elementor-col-100 elementor-field-required\">\n\t\t\t\t\t\t\t\t\t\t\t\t<label for=\"form-field-field_ab920f7\" class=\"elementor-field-label\">\n\t\t\t\t\t\t\t\tCPF\t\t\t\t\t\t\t<\/label>\n\t\t\t\t\t\t\t\t\t<input type=\"number\" name=\"form_fields[field_ab920f7]\" id=\"form-field-field_ab920f7\" class=\"elementor-field elementor-size-sm  elementor-field-textual\" required=\"required\" aria-required=\"true\" min=\"\" max=\"\" >\n\t\t\t\t\t\t<\/div>\n\t\t\t\t\t\t\t\t<div class=\"elementor-field-type-text elementor-field-group elementor-column elementor-field-group-name elementor-col-100 elementor-field-required\">\n\t\t\t\t\t\t\t\t\t\t\t\t<label for=\"form-field-name\" class=\"elementor-field-label\">\n\t\t\t\t\t\t\t\tNome\t\t\t\t\t\t\t<\/label>\n\t\t\t\t\t\t\t\t\t\t\t\t\t\t<input size=\"1\" type=\"text\" name=\"form_fields[name]\" id=\"form-field-name\" class=\"elementor-field elementor-size-sm  elementor-field-textual\" required=\"required\" aria-required=\"true\">\n\t\t\t\t\t\t\t\t\t\t\t<\/div>\n\t\t\t\t\t\t\t\t<div class=\"elementor-field-type-email elementor-field-group elementor-column elementor-field-group-email elementor-col-100 elementor-field-required\">\n\t\t\t\t\t\t\t\t\t\t\t\t<label for=\"form-field-email\" class=\"elementor-field-label\">\n\t\t\t\t\t\t\t\tE-mail\t\t\t\t\t\t\t<\/label>\n\t\t\t\t\t\t\t\t\t\t\t\t\t\t<input size=\"1\" type=\"email\" name=\"form_fields[email]\" id=\"form-field-email\" class=\"elementor-field elementor-size-sm  elementor-field-textual\" required=\"required\" aria-required=\"true\">\n\t\t\t\t\t\t\t\t\t\t\t<\/div>\n\t\t\t\t\t\t\t\t<div class=\"elementor-field-type-tel elementor-field-group elementor-column elementor-field-group-field_0c5c12b elementor-col-100 elementor-field-required\">\n\t\t\t\t\t\t\t\t\t\t\t\t<label for=\"form-field-field_0c5c12b\" class=\"elementor-field-label\">\n\t\t\t\t\t\t\t\tTelefone\t\t\t\t\t\t\t<\/label>\n\t\t\t\t\t\t\t\t<input size=\"1\" type=\"tel\" name=\"form_fields[field_0c5c12b]\" id=\"form-field-field_0c5c12b\" class=\"elementor-field elementor-size-sm  elementor-field-textual\" required=\"required\" aria-required=\"true\" pattern=\"[0-9()#&amp;+*-=.]+\" title=\"Apenas n\u00fameros e caracteres de telefone (#, -, *, etc.) s\u00e3o aceitos.\">\n\n\t\t\t\t\t\t<\/div>\n\t\t\t\t\t\t\t\t<div class=\"elementor-field-type-textarea elementor-field-group elementor-column elementor-field-group-message elementor-col-100 elementor-field-required\">\n\t\t\t\t\t\t\t\t\t\t\t\t<label for=\"form-field-message\" class=\"elementor-field-label\">\n\t\t\t\t\t\t\t\tDescri\u00e7\u00e3o Detalhada\t\t\t\t\t\t\t<\/label>\n\t\t\t\t\t\t<textarea class=\"elementor-field-textual elementor-field  elementor-size-sm\" name=\"form_fields[message]\" id=\"form-field-message\" rows=\"4\" required=\"required\" aria-required=\"true\"><\/textarea>\t\t\t\t<\/div>\n\t\t\t\t\t\t\t\t<div class=\"elementor-field-type-recaptcha_v3 elementor-field-group elementor-column elementor-field-group-field_066e78c elementor-col-100 recaptcha_v3-inline\">\n\t\t\t\t\t<div class=\"elementor-field\" id=\"form-field-field_066e78c\"><div class=\"elementor-g-recaptcha\" data-sitekey=\"6Ld1q2QlAAAAAL7sGAXskhxslJnEESH-4W7wCHYT\" data-type=\"v3\" data-action=\"Form\" data-badge=\"inline\" data-size=\"invisible\"><\/div><\/div>\t\t\t\t<\/div>\n\t\t\t\t\t\t\t\t<div class=\"elementor-field-group elementor-column elementor-field-type-submit elementor-col-100 e-form__buttons\">\n\t\t\t\t\t<button class=\"elementor-button elementor-size-sm\" type=\"submit\">\n\t\t\t\t\t\t<span class=\"elementor-button-content-wrapper\">\n\t\t\t\t\t\t\t\t\t\t\t\t\t\t\t\t\t\t\t\t\t\t<span class=\"elementor-button-text\">Enviar Solicita\u00e7\u00e3o<\/span>\n\t\t\t\t\t\t\t\t\t\t\t\t\t<\/span>\n\t\t\t\t\t<\/button>\n\t\t\t\t<\/div>\n\t\t\t<\/div>\n\t\t<\/form>\n\t\t\t\t<\/div>\n\t\t\t\t<\/div>\n\t\t\t\t\t<\/div>\n\t\t<\/div>\n\t\t\t\t\t<\/div>\n\t\t<\/section>\n\t\t\t\t<\/div>\n\t\t","protected":false},"excerpt":{"rendered":"<p>Informa\u00e7\u00f5es Lei Geral de Prote\u00e7\u00e3o de Dados &#8211; LGPD Lei Geral de Prote\u00e7\u00e3o de Dados, o que \u00e9? \u00a0 A Lei Geral de Prote\u00e7\u00e3o de Dados &#8211; LGPD (Lei n\u00ba 13.709\/2018) garante que voc\u00ea, titular de dados pessoais, tenha consulta facilitada e gratuita\u00a0sobre o tratamento de seus dados pessoais, em aten\u00e7\u00e3o aos princ\u00edpios do livre [&hellip;]<\/p>\n","protected":false},"author":12,"featured_media":0,"parent":0,"menu_order":0,"comment_status":"closed","ping_status":"closed","template":"","meta":{"_acf_changed":false,"inline_featured_image":false,"footnotes":""},"class_list":["post-1838","page","type-page","status-publish","hentry"],"acf":[],"_links":{"self":[{"href":"https:\/\/demo.happ.com.br\/hsconsorcios\/wp-json\/wp\/v2\/pages\/1838"}],"collection":[{"href":"https:\/\/demo.happ.com.br\/hsconsorcios\/wp-json\/wp\/v2\/pages"}],"about":[{"href":"https:\/\/demo.happ.com.br\/hsconsorcios\/wp-json\/wp\/v2\/types\/page"}],"author":[{"embeddable":true,"href":"https:\/\/demo.happ.com.br\/hsconsorcios\/wp-json\/wp\/v2\/users\/12"}],"replies":[{"embeddable":true,"href":"https:\/\/demo.happ.com.br\/hsconsorcios\/wp-json\/wp\/v2\/comments?post=1838"}],"version-history":[{"count":45,"href":"https:\/\/demo.happ.com.br\/hsconsorcios\/wp-json\/wp\/v2\/pages\/1838\/revisions"}],"predecessor-version":[{"id":14466,"href":"https:\/\/demo.happ.com.br\/hsconsorcios\/wp-json\/wp\/v2\/pages\/1838\/revisions\/14466"}],"wp:attachment":[{"href":"https:\/\/demo.happ.com.br\/hsconsorcios\/wp-json\/wp\/v2\/media?parent=1838"}],"curies":[{"name":"wp","href":"https:\/\/api.w.org\/{rel}","templated":true}]}}